{"id":1265,"date":"2021-11-05T10:13:45","date_gmt":"2021-11-05T10:13:45","guid":{"rendered":"https:\/\/hotelhillerod.dk\/privacy-policy\/"},"modified":"2021-11-05T10:13:45","modified_gmt":"2021-11-05T10:13:45","slug":"privacy-policy","status":"publish","type":"page","link":"https:\/\/hotelhillerod.dk\/en\/privacy-policy\/","title":{"rendered":"Privacy policy"},"content":{"rendered":"\t\t<div data-elementor-type=\"wp-page\" data-elementor-id=\"1265\" class=\"elementor elementor-1265 elementor-3\" data-elementor-post-type=\"page\">\n\t\t\t\t\t\t<section class=\"elementor-section elementor-top-section elementor-element elementor-element-1ffbd870 elementor-section-boxed elementor-section-height-default elementor-section-height-default\" data-id=\"1ffbd870\" data-element_type=\"section\" data-e-type=\"section\">\n\t\t\t\t\t\t<div class=\"elementor-container elementor-column-gap-default\">\n\t\t\t\t\t<div class=\"elementor-column elementor-col-100 elementor-top-column elementor-element elementor-element-1005e744\" data-id=\"1005e744\" data-element_type=\"column\" data-e-type=\"column\">\n\t\t\t<div class=\"elementor-widget-wrap elementor-element-populated\">\n\t\t\t\t\t\t<div class=\"elementor-element elementor-element-7029c3e3 elementor-widget elementor-widget-text-editor\" data-id=\"7029c3e3\" data-element_type=\"widget\" data-e-type=\"widget\" data-widget_type=\"text-editor.default\">\n\t\t\t\t<div class=\"elementor-widget-container\">\n\t\t\t\t\t\t\t\t\t<h2>Persondatapolitik for behandling af g\u00e6ste-, kunde- og leverand\u00f8roplysninger<\/h2>\n<\/p>\n<p><b>1. Dataansvarlig<\/b><\/p>\n<p>Hotel Hiller\u00f8d er dataansvarlig.<\/p>\n<p>Hotel Hiller\u00f8d kontaktoplysninger er:<\/p>\n<p>Hotel Hiller\u00f8d, Milnersvej 41, 3400 Hiller\u00f8d, telefon 48240800, mail <a href=\"mailto:hotel@hotelhillerod.dk\">hotel@hotelhillerod.dk<\/a>, kontaktperson Katja Sl\u00fcter.<\/p>\n<p>Hotel Hiller\u00f8d h\u00e5ndterer alle personlige oplysninger i overensstemmelse med g\u00e6ldende persondatalovgivning.<\/p>\n<p>Hotel Hiller\u00f8d indg\u00e5r aftale med g\u00e6ster, kunder og leverand\u00f8rer om levering \u2013 k\u00f8b og salg &#8211; af forskellige serviceydelser og produkter.<\/p>\n<p>N\u00e5r en g\u00e6st\/kunde, bestiller og k\u00f8ber \u00e9n eller flere af Hotel Hiller\u00f8ds serviceydelser, og som led heri afgiver sine personoplysninger til Hotel Hiller\u00f8d, giver denne samtidig sit samtykke til, at g\u00e6stens\/kundens\/leverand\u00f8rens personoplysninger kan behandles af Hotel Hiller\u00f8d.<\/p>\n<p>Det samme g\u00f8r sig g\u00e6ldende for s\u00e5 vidt ang\u00e5r de eventuelle personoplysninger, som leverand\u00f8rer til Hotel Hiller\u00f8d A\/S afgiver til Hotel Hiller\u00f8d i forbindelse med afgivelse af tilbud eller indg\u00e5else af aftaler.<br \/><b>2. <\/b><b>Hotel Hiller\u00f8d indsamling af personoplysninger <\/b> <\/p>\n<p>Personoplysninger indsamles af Hotel Hiller\u00f8d p\u00e5 f\u00f8lgende vis:<\/p>\n<ul>\n<li>N\u00e5r en g\u00e6st\/kunde \u2013 eller en repr\u00e6sentant for denne &#8211; v\u00e6lger at indhente tilbud p\u00e5 og\/eller k\u00f8be en af Hotel Hiller\u00f8ds serviceydelser\/produkter, eller n\u00e5r en leverand\u00f8r afgiver tilbud eller s\u00e6lger produkter eller serviceydelser til Hotel Hiller\u00f8d.<\/li>\n<li>Fra B2B marked.<\/li>\n<li>Gennem browser cookies og web beacons.<\/li>\n<li>I forbindelse med brug af Hotel Hiller\u00f8ds digitale ydelser.<\/li>\n<li>Ved deltagelse i Hotel Hiller\u00f8ds kunde\/loyalitetsprogram og ved abonnement p\u00e5 Hotel Hiller\u00f8ds nyhedsbrev.<\/li>\n<li>Fra sociale medier, reklame- og analyseudbydere samt offentlige registre.<\/li>\n<li>Via video- og tv-overv\u00e5gning.<\/li>\n<li>N\u00e5r leverand\u00f8rer indg\u00e5r aftaler med Hotel Hiller\u00f8d eller afgiver tilbud til Hotel Hiller\u00f8d.<\/li>\n<\/ul>\n<p>Indsamling og behandling af personoplysninger, jf. ovenst\u00e5ende vil altid ske i henhold til g\u00e6ldende persondatalovgivning.<\/p>\n<p>Videooverv\u00e5gning der, er opsat i lobby og ved receptionen sker som led i kriminalitetsforebyggelse og fungerer derudover som et tryghedsskabende tiltag for medarbejdere og g\u00e6ster.<\/p>\n<p><b>3. Oplysninger som Hotel Hiller\u00f8d<\/b><b> indsamler<\/b><\/p>\n<p>Hotel Hiller\u00f8d indsamler f\u00f8lgende personoplysninger:<\/p>\n<ul>\n<li>Navn, adresse, telefonnummer, e-mailadresse, f\u00f8dselsdato samt andre almindelige ikke personf\u00f8lsomme personoplysninger.<\/li>\n<li>Betalingskortoplysninger \u2013 typisk som garanti for en reservation og til betaling af ophold.<\/li>\n<li>Demografiske oplysninger.<\/li>\n<li>K\u00f8bshistorik herunder ogs\u00e5 brugen af Hotel Hiller\u00f8ds digitale serviceydelser.<\/li>\n<li>Brugen af Hotel Hiller\u00f8ds kunde\/loyalitetsprogram.<\/li>\n<li>Oplysninger fra Hotel Hiller\u00f8ds kundeunders\u00f8gelser.<\/li>\n<li>Oplysninger fra eventuelle udbudte konkurrencer<\/li>\n<li>Oplysninger fra Hotel Hiller\u00f8ds sociale medier og andre digitale platforme tilh\u00f8rende Hotel Hiller\u00f8d.<\/li>\n<li>Browserinformationer.<\/li>\n<li>Oplysninger om g\u00e6stens\/kundens virksomhed og relevante kontaktpersoner.<\/li>\n<li>Oplysninger om leverand\u00f8rers virksomhed samt oplysninger om relevante kontaktpersoner og n\u00f8glepersoner herunder key accounts.<\/li>\n<\/ul>\n<p>En g\u00e6st\/kunde eller leverand\u00f8r kan, frivilligt og efter eget valg give Hotel Hiller\u00f8d yderligere personoplysninger, som denne mener, kan have betydning for Hotel Hiller\u00f8ds betjening\/servicering af g\u00e6sten\/kunden\/leverand\u00f8ren, eller som den p\u00e5g\u00e6ldende mener b\u00f8r gives af sikkerhedsm\u00e6ssige hensyn.<\/p>\n<p>Dette kan f.eks. v\u00e6re oplysninger om:<\/p>\n<ul>\n<li>Handicap<\/li>\n<li>Allergi<\/li>\n<li>S\u00e6rlige f\u00f8devarepr\u00e6ferencer<\/li>\n<li>Andre helbreds- eller medicinoplysninger<\/li>\n<\/ul>\n<p>Hvis en g\u00e6st\/kunde\/leverand\u00f8r <i>frivilligt og efter eget<\/i> valg v\u00e6lger at afgive s\u00e5danne oplysninger, opfatter Hotel Hiller\u00f8d dette som et samtykke til at kunne registrere og gemme disse f\u00f8lsomme oplysninger om den p\u00e5g\u00e6ldende.<\/p>\n<p>Udover de oplysninger som Hotel Hiller\u00f8d modtager direkte fra g\u00e6ster\/kunder \/leverand\u00f8rer, vil Hotel Hiller\u00f8d i nogle tilf\u00e6lde indhente eller behandle yderligere oplysninger, som Hotel Hiller\u00f8d har modtaget af tredjeparter, f.eks. et rejsebureau, en anden formidler eller en ansat i den virksomhed, hvor den registrerede er ansat.<\/p>\n<p>Hvor dette er tilf\u00e6ldet er den p\u00e5g\u00e6ldende tredjepart pligtig til at informere de p\u00e5g\u00e6ldende g\u00e6ster\/kunder\/leverand\u00f8rer om Hotel Hiller\u00f8ds vilk\u00e5r og betingelser samt Hotel Hiller\u00f8ds persondatapolitik. Det er ogs\u00e5 den p\u00e5g\u00e6ldende tredjeparts ansvar at sikre, at der er det forn\u00f8dne juridiske grundlag til indsamling og behandling af de p\u00e5g\u00e6ldende oplysninger, herunder indhente evt. forn\u00f8dent samtykke til behandling af eventuelle f\u00f8lsomme oplysninger.<br \/><b>4. Betaling med betalingskort <\/b><\/p>\n<p>Hotel Hiller\u00f8d anvender DIBS <a href=\"http:\/\/www.dibs.dk\/\">www.dibs.dk<\/a> (Nets), til indl\u00f8sning af betalinger med betalings- og kreditkort. DIBS og Hotel Hiller\u00f8d er godkendt og certificeret af Pengeinstitutternes Betalingssystem (<a href=\"http:\/\/www.pbs.dk\/\">www.pbs.dk<\/a>).<\/p>\n<p>Ved bestillinger og bookinger gemmer Hotel Hiller\u00f8d de oplysninger, som g\u00e6sten\/kunden\/leverand\u00f8ren har givet, i indtil 6 mdr., hvorefter oplysningerne slettes.<\/p>\n<p>Udover h\u00e5ndtering af bestillingen, bliver de afgivne oplysninger alene brugt, hvis en g\u00e6st\/kunde\/leverand\u00f8r f.eks. henvender dig med sp\u00f8rgsm\u00e5l, eller hvis der er fejl i bestillingen.<br \/><b>5. Hvad er form\u00e5let med indsamlingen og behandlingen?<\/b><\/p>\n<p>Hotel Hiller\u00f8d indsamler alene personoplysninger, som er n\u00f8dvendige for at opfylde de aftaler, der indg\u00e5s med g\u00e6ster\/kunder\/leverand\u00f8rer om levering af serviceydelser, f.eks. en overnatning, eller k\u00f8b\/salg af produkter eller ydelser.<\/p>\n<p>Det er den enkelte aftales indhold\/serviceydelsens karakter, som er bestemmende for, hvilke personoplysninger Hotel Hiller\u00f8d indsamler og behandler, og som er bestemmende for form\u00e5let med indsamlingen.<\/p>\n<p>Form\u00e5let med indsamling og behandling af personoplysninger vil prim\u00e6rt v\u00e6re:<\/p>\n<ul>\n<li>Behandling af g\u00e6sters\/kunders booking og k\u00f8b af Hotel Hiller\u00f8ds serviceydelser.<\/li>\n<li>Behandling af leverand\u00f8rers tilbud om &#8211; og salg &#8211; af produkter og ydelser<\/li>\n<li>Kontakt til g\u00e6sten\/kunden f\u00f8r, under eller efter dennes ophold.<\/li>\n<li>Opfyldelse af g\u00e6stens\/kundens anmodning om tilbud p\u00e5 eller k\u00f8b af serviceydelser.<\/li>\n<li>Forbedring og udvikling af Hotel Hiller\u00f8ds serviceydelser.<\/li>\n<li>Tilpasning af Hotel Hiller\u00f8ds markedsf\u00f8ring og \u00f8vrige kommunikation.<\/li>\n<li>Analyse af g\u00e6ster\/kunders\/leverand\u00f8rers brugeradf\u00e6rd og markedsf\u00f8ring overfor disse<\/li>\n<li>Tilpasning af Hotel Hiller\u00f8ds samarbejdspartneres kommunikation og markedsf\u00f8ring til g\u00e6ster\/kunder\/leverand\u00f8rer.<\/li>\n<li>Administration af g\u00e6sters\/kunders\/leverand\u00f8rers relation til Hotel Hiller\u00f8d, herunder eventuel deltagelse i Hotel Hiller\u00f8ds kunde\/loyalitetsprogram.<\/li>\n<li>Opfyldelse af lovkrav, f.eks. krav om at registrere overnattende g\u00e6ster efter udl\u00e6ndingelovgivningen og pasbekendtg\u00f8relsen.<\/li>\n<\/ul>\n<p><b>6. Hjemmel &#8211; det juridiske grundlag &#8211; for behandlingen<\/b><\/p>\n<p>Hotel Hiller\u00f8d vil oftest behandle personoplysninger, fordi det er n\u00f8dvendigt for at opfylde en aftale med Hotel Hiller\u00f8d, som du en g\u00e6st\/kunde eller en leverand\u00f8r er part i. Det kan for eksempel v\u00e6re i forbindelse med hotelophold, m\u00f8deafvikling og\/eller h\u00e5ndtering og opfyldelse af samarbejds- og leverand\u00f8raftaler.<\/p>\n<p>Yderligere vil Hotel Hiller\u00f8d behandle personoplysninger i forbindelse med booking forud for en overnatning, afvikling af m\u00f8der, selskaber, konferencer mv. samt forud for indg\u00e5else af leverand\u00f8raftaler.<\/p>\n<p>I nogle tilf\u00e6lde vil Hotel Hiller\u00f8ds behandling af personoplysninger finde sted som led i, at Hotel Hiller\u00f8d forf\u00f8lger en legitim\/saglig interesse, som g\u00e5r forud for den g\u00e6stens\/kundens\/leverand\u00f8rens (den registreredes) interesser.<\/p>\n<p>En s\u00e5dan legitim interesse, kan eksempelvis v\u00e6re udarbejdelse af statistik, kundeunders\u00f8gelser, markedsf\u00f8ring og analyse af generel g\u00e6ste\/kundeadf\u00e6rd, som har til hensigt generelt at forbedre oplevelsen hos Hotel Hiller\u00f8d og kvaliteten af Hotel Hiller\u00f8ds serviceydelser og produkter.<\/p>\n<p>Hvis en g\u00e6st\/kunde i forbindelse med dennes ophold\/bes\u00f8g hos Hotel Hiller\u00f8d oplyser s\u00e6rlige personlige pr\u00e6ferencer eller hensyn, herunder f.eks. helbredsm\u00e6ssige oplysninger, handicap, religi\u00f8s overbevisning eller lignende, anvender Hotel Hiller\u00f8d alene oplysningerne til at sikre, at der tages hensyn til g\u00e6stens\/kundens personlige pr\u00e6ferencer, dit helbred etc.<\/p>\n<p>I nogle situationer modtager Hotel Hiller\u00f8d personoplysninger fra tredjepart, f.eks. et rejsebureau, en agent eller lignende, bl.a. i forbindelse med gruppebookinger. N\u00e5r dette sker, er den p\u00e5g\u00e6ldende tredjepart p\u00e5lagt at orientere de p\u00e5g\u00e6ldende g\u00e6ster\/kunder\/leverand\u00f8rer om Hotel Hiller\u00f8ds vilk\u00e5r og betingelser samt indholdet af denne persondatapolitik.<\/p>\n<p>Hotel Hiller\u00f8d er yderligere efter lov, jf. ovenfor under pkt. 5, forpligtet til at registrere forskellige oplysninger om overnattende g\u00e6ster. Disse oplysninger skal gemmes i mindst \u00e9t \u00e5r og h\u00f8jest to \u00e5r.<\/p>\n<p><b>7. Den registreredes rettigheder<\/b><\/p>\n<p>Efter reglerne i persondataforordningen, har de registrerede (kunder\/g\u00e6ster\/leverand\u00f8rer) forskellige rettigheder.<\/p>\n<ul>\n<li>En registreret har til enhver tid ret til at f\u00e5 indsigt i, hvilke personoplysninger Hotel Hiller\u00f8d behandler om den registrerede.<\/li>\n<li>En registreret har til enhver tid ret til at f\u00e5 berigtiget og opdateret de personoplysninger, som Hotel Hiller\u00f8d har om den registrerede.<\/li>\n<li>En registreret har til enhver tid ret til at f\u00e5 slettet de personoplysningers, som Hotel Hiller\u00f8d har om den registrerede. Hvis en registreret anmoder om sletning, slettes alle de oplysninger, som Hotel Hiller\u00f8d ikke efter lovgivning er forpligtet til at skulle gemme. En sletning af den registreredes oplysninger kan i nogle tilf\u00e6lde betyde, at Hotel Hiller\u00f8d ikke kan opfylde evt. indg\u00e5ede aftaler eller levere visse serviceydelser til den registrerede.<\/li>\n<\/ul>\n<p>Hvis nogle af de oplysninger, som Hotel Hiller\u00f8d har om den registrerede er givet p\u00e5 baggrund af den registreredes samtykke, har denne til enhver tid ret til at tr\u00e6kke samtykket tilbage, hvilket betyder, at oplysningerne slettes eller ikke l\u00e6ngere anvendes af Hotel Hiller\u00f8d. Dette g\u00e6lder ikke for oplysninger, jf. ovenfor som Hotel Hiller\u00f8d er lovm\u00e6ssigt forpligtede til at gemme.<\/p>\n<p>Muligheden for at tr\u00e6kke anmode om sletning mv. kan dog v\u00e6re begr\u00e6nset af hensyn til beskyttelsen af andre personers privatliv, til forretningshemmeligheder og immaterielle rettigheder samt f.eks. af hensyn til muligheden for at h\u00e5ndh\u00e6ve potentielle retskrav.<\/p>\n<p>Den registrerede kan til hver en tid skriftligt bede Hotel Hiller\u00f8d om at f\u00e5 en oversigt over og en kopi af de personoplysninger om den registrerede, som Hotel Hiller\u00f8d er i besiddelse af.<\/p>\n<p>En skriftlig anmodning herom skal underskrives af den registrerede og indeholde dennes navn, adresse, telefonnummer, e-mailadresse.<\/p>\n<p>Den registrerede kan ogs\u00e5 kontakte Hotel Hiller\u00f8d, hvis den registrerede mener, at dennes persondata bliver behandlet i strid med lovgivningen eller i strid med andre retlige forpligtelser, f.eks. den aftale\/kontrakt, som den registrerede har med Hotel Hiller\u00f8d<\/p>\n<p>Skriftlig anmodning sendes til Hotel Hiller\u00f8d, se kontaktoplysninger ovenfor under pkt. 1<\/p>\n<p>Hotel Hiller\u00f8d vil s\u00e5 vidt muligt indenfor 1 m\u00e5ned efter modtagelsen af den registreredes skriftlige anmodning sende denne til den registrerede.<\/p>\n<p>Hvis den registrerede beder om rettelse og\/eller sletning af sine personoplysninger, vil Hotel Hiller\u00f8d vurdere, om betingelserne for anmodningen er opfyldt, og Hotel Hiller\u00f8d vil i s\u00e5 fald gennemf\u00f8re \u00e6ndringer eller sletning s\u00e5 hurtigt som muligt.<\/p>\n<p>Hotel Hiller\u00f8d tager forbehold for at afvise anmodninger, som har karakter af chikan\u00f8s gentagelse eller som kr\u00e6ver uforholdsm\u00e6ssige tekniske foranstaltninger (f.eks. udvikling af et nyt IT-system) eller som p\u00e5virker beskyttelsen af andre registreredes personoplysninger, eller i andre situationer hvor det vil v\u00e6re uforholdsm\u00e6ssigt ressourcekr\u00e6vende eller meget kompliceret at im\u00f8dekomme anmodningen.<\/p>\n<p><b>Sikkerhed og deling af personoplysninger<\/b><\/p>\n<p>Hotel Hiller\u00f8d beskytter den registreredes personoplysninger, og har fastlagt retningslinjer, der beskytter den registreredes personoplysninger mod, at der sker uautoriseret offentligg\u00f8relse og mod at uvedkommende f\u00e5r adgang eller kendskab til dem.<\/p>\n<p>Kun de personer\/ansatte hos Hotel Hiller\u00f8d, der har i kraft af deres jobfunktion har behov for de registreredes personoplysninger har adgang hertil.<\/p>\n<p>Hotel Hiller\u00f8d kontrollerer l\u00f8bende, at der ikke sker uautoriseret adgang til de registreredes personoplysninger.<\/p>\n<p>Hotel Hiller\u00f8d tager l\u00f8bende backup de registrerede personoplysninger.<\/p>\n<p>I tilf\u00e6lde af et sikkerhedsbrud, hvor der en h\u00f8j risiko for misbrug af de registreredes personoplysninger, herunder f.eks. identitetstyveri, \u00f8konomisk tab, tab af omd\u00f8mme eller anden form for misbrug, vil Hotel Hiller\u00f8d underrette de registrerede om sikkerhedsbruddet s\u00e5 hurtigt som muligt<\/p>\n<p>Hotel Hiller\u00f8ds sikkerhedsprocedurer bliver l\u00f8bende revurderet og opdateret i forhold til den teknologiske udvikling.<\/p>\n<p>Hotel Hiller\u00f8d benytter sig af en r\u00e6kke eksterne leverand\u00f8rer af IT-services, IT-systemer, betalingsl\u00f8sninger, etc.<\/p>\n<p>Hotel Hiller\u00f8d indg\u00e5r l\u00f8bende databehandleraftaler med alle Hotel Hiller\u00f8ds leverand\u00f8rer, hvorved det ogs\u00e5 i forhold til eksterne databehandlere sikres, at disse fastholder et forn\u00f8dent og h\u00f8jt beskyttelsesniveau for s\u00e5 vidt ang\u00e5r de registreredes personoplysninger.<\/p>\n<p>Hotel Hiller\u00f8d er i nogle tilf\u00e6lde lovm\u00e6ssigt forpligtede til at videregive personoplysninger eller forpligtede hertil som f\u00f8lge af en afg\u00f8relse fra en offentlig myndighed.<\/p>\n<p>Hotel Hiller\u00f8d sletter dine personoplysninger, n\u00e5r Hotel Hiller\u00f8ds lovm\u00e6ssige forpligtelse oph\u00f8rer, eller n\u00e5r form\u00e5let med at indsamle og behandle oplysningerne ikke l\u00e6ngere er til stede<\/p>\n<p><b>10. Cookies<\/b><\/p>\n<p>Hotel Hiller\u00f8d bruger cookies p\u00e5 hjemmeside til teknisk funktionalitet og trafikm\u00e5ling. En cookie er en lille tekstfil, der lagres i din browser for at kunne genkende din computer ved genbes\u00f8g. En cookie kan ikke indeholde virus. En cookie sletter sig selv efter et vist antal m\u00e5neder (varierer), og fornyes efter hver bes\u00f8g.<\/p>\n<p>Vejledning til sletning af cookies: <a href=\"http:\/\/minecookies.org\/cookiehandtering\">http:\/\/minecookies.org\/cookiehandtering<\/a><\/p>\n<p><b>11. Klage<\/b><\/p>\n<p>Klage over Hotel Hiller\u00f8d behandling af personoplysninger kan ske til Datatilsynet, BORGERGADE 28, 5, 1300 K\u00d8BENHAVN K, TELEFON 3319 3200 &#8211; E-MAIL <a title=\"Kontakt Datatilsynet\" href=\"http:\/\/www.datatilsynet.dk\/om-datatilsynet\/kontakt\/\">dt@datatilsynet.dk<\/a><\/p>\n\t\t\t\t\t\t\t\t<\/div>\n\t\t\t\t<\/div>\n\t\t\t\t\t<\/div>\n\t\t<\/div>\n\t\t\t\t\t<\/div>\n\t\t<\/section>\n\t\t\t\t<\/div>\n\t\t","protected":false},"excerpt":{"rendered":"<p>Persondatapolitik for behandling af g\u00e6ste-, kunde- og leverand\u00f8roplysninger 1. Dataansvarlig Hotel Hiller\u00f8d er dataansvarlig. Hotel Hiller\u00f8d kontaktoplysninger er: Hotel Hiller\u00f8d, Milnersvej 41, 3400 Hiller\u00f8d, telefon 48240800, mail hotel@hotelhillerod.dk, kontaktperson Katja Sl\u00fcter. Hotel Hiller\u00f8d h\u00e5ndterer alle personlige oplysninger i overensstemmelse med g\u00e6ldende persondatalovgivning. Hotel Hiller\u00f8d indg\u00e5r aftale med g\u00e6ster, kunder og leverand\u00f8rer om levering \u2013 k\u00f8b [&hellip;]<\/p>\n","protected":false},"author":6,"featured_media":0,"parent":0,"menu_order":0,"comment_status":"closed","ping_status":"closed","template":"","meta":{"footnotes":""},"class_list":["post-1265","page","type-page","status-publish","hentry"],"_links":{"self":[{"href":"https:\/\/hotelhillerod.dk\/en\/wp-json\/wp\/v2\/pages\/1265","targetHints":{"allow":["GET"]}}],"collection":[{"href":"https:\/\/hotelhillerod.dk\/en\/wp-json\/wp\/v2\/pages"}],"about":[{"href":"https:\/\/hotelhillerod.dk\/en\/wp-json\/wp\/v2\/types\/page"}],"author":[{"embeddable":true,"href":"https:\/\/hotelhillerod.dk\/en\/wp-json\/wp\/v2\/users\/6"}],"replies":[{"embeddable":true,"href":"https:\/\/hotelhillerod.dk\/en\/wp-json\/wp\/v2\/comments?post=1265"}],"version-history":[{"count":0,"href":"https:\/\/hotelhillerod.dk\/en\/wp-json\/wp\/v2\/pages\/1265\/revisions"}],"wp:attachment":[{"href":"https:\/\/hotelhillerod.dk\/en\/wp-json\/wp\/v2\/media?parent=1265"}],"curies":[{"name":"wp","href":"https:\/\/api.w.org\/{rel}","templated":true}]}}